{"id":5,"date":"2017-03-09T09:39:34","date_gmt":"2017-03-09T07:39:34","guid":{"rendered":"http:\/\/www.kauppavayla.fi\/?page_id=5"},"modified":"2021-02-09T10:52:06","modified_gmt":"2021-02-09T08:52:06","slug":"kauppavayla-oy","status":"publish","type":"page","link":"https:\/\/www.kauppavayla.fi\/","title":{"rendered":"Kauppav\u00e4yl\u00e4 Oy"},"content":{"rendered":"<p><b>Tervetuloa Kauppav\u00e4yl\u00e4n kotisivuille!<br \/><\/b><img decoding=\"async\" loading=\"lazy\" class=\" wp-image-49 alignright\" src=\"http:\/\/www.kauppavayla.fi\/wp-content\/uploads\/2017\/04\/1492346609869-300x169.jpg\" alt=\"\" width=\"300\" height=\"169\" srcset=\"https:\/\/www.kauppavayla.fi\/wp-content\/uploads\/2017\/04\/1492346609869-300x169.jpg 300w, https:\/\/www.kauppavayla.fi\/wp-content\/uploads\/2017\/04\/1492346609869.jpg 400w\" sizes=\"(max-width: 300px) 100vw, 300px\" \/><br \/>Olemme myym\u00e4l\u00e4- ja varastokalusteiden asennukseen erikoistunut yritys Halsualta Keski-Pohjanmaalta. Yrityksemme perustajalla Jouni Syrj\u00e4l\u00e4ll\u00e4 on ty\u00f6kokemusta kalustealalta jo 25 vuotta. Oman yrityksen palveluksessa h\u00e4n on ollut 2000-luvun alusta l\u00e4htien.<\/p>\n<p>Asennuskohteiden koot ovat vaihdelleet muutamista tunneista useisiin kuukausiin. Kohteet ovat olleet p\u00e4\u00e4asiassa kotimaassa, mutta jonkin verran olemme my\u00f6s toimineet ulkomailla.<\/p>\n<p>Yrityksemme ammattitaitoiseen henkil\u00f6kuntaan kuuluvat\u00a0Jounin lis\u00e4ksi\u00a06 kalusteasentajaa. Tarvittaessa saamme yhteisty\u00f6kumppaneiltamme lis\u00e4\u00e4 asentajia, mik\u00e4li projektin toteutus sit\u00e4 vaatii. Toimimme my\u00f6s Checkmark -kassap\u00f6ytien huoltajana.<\/p>\n<p>\u00a0<\/p>\n\n\n<figure class=\"wp-block-image size-large is-resized\"><img decoding=\"async\" loading=\"lazy\" src=\"http:\/\/www.kauppavayla.fi\/wp-content\/uploads\/2021\/02\/jasenyritys_2021_175x88_fin.png\" alt=\"\" class=\"wp-image-75\" width=\"175\" height=\"88\"\/><\/figure>\n\n\n\n<figure class=\"wp-block-image size-large is-resized\"><img decoding=\"async\" loading=\"lazy\" src=\"http:\/\/www.kauppavayla.fi\/wp-content\/uploads\/2021\/02\/LK_valkoinen_rgb.jpg\" alt=\"\" class=\"wp-image-78\" width=\"172\" height=\"80\" srcset=\"https:\/\/www.kauppavayla.fi\/wp-content\/uploads\/2021\/02\/LK_valkoinen_rgb.jpg 842w, https:\/\/www.kauppavayla.fi\/wp-content\/uploads\/2021\/02\/LK_valkoinen_rgb-300x141.jpg 300w, https:\/\/www.kauppavayla.fi\/wp-content\/uploads\/2021\/02\/LK_valkoinen_rgb-768x361.jpg 768w\" sizes=\"(max-width: 172px) 100vw, 172px\" \/><\/figure>\n\n\n\n<p><\/p>\n","protected":false},"excerpt":{"rendered":"<p>Tervetuloa Kauppav\u00e4yl\u00e4n kotisivuille!Olemme myym\u00e4l\u00e4- ja varastokalusteiden asennukseen erikoistunut yritys Halsualta Keski-Pohjanmaalta. Yrityksemme perustajalla Jouni Syrj\u00e4l\u00e4ll\u00e4 on ty\u00f6kokemusta kalustealalta jo 25 vuotta. Oman yrityksen palveluksessa h\u00e4n on ollut 2000-luvun alusta l\u00e4htien. Asennuskohteiden koot ovat vaihdelleet muutamista tunneista useisiin kuukausiin. Kohteet ovat olleet p\u00e4\u00e4asiassa kotimaassa, mutta jonkin verran olemme my\u00f6s toimineet ulkomailla. Yrityksemme ammattitaitoiseen henkil\u00f6kuntaan kuuluvat\u00a0Jounin lis\u00e4ksi\u00a06 &#8230; <a title=\"Kauppav\u00e4yl\u00e4 Oy\" class=\"read-more\" href=\"https:\/\/www.kauppavayla.fi\/\">Lue lis\u00e4\u00e4<\/a><\/p>\n","protected":false},"author":1,"featured_media":0,"parent":0,"menu_order":0,"comment_status":"closed","ping_status":"closed","template":"","meta":[],"_links":{"self":[{"href":"https:\/\/www.kauppavayla.fi\/index.php?rest_route=\/wp\/v2\/pages\/5"}],"collection":[{"href":"https:\/\/www.kauppavayla.fi\/index.php?rest_route=\/wp\/v2\/pages"}],"about":[{"href":"https:\/\/www.kauppavayla.fi\/index.php?rest_route=\/wp\/v2\/types\/page"}],"author":[{"embeddable":true,"href":"https:\/\/www.kauppavayla.fi\/index.php?rest_route=\/wp\/v2\/users\/1"}],"replies":[{"embeddable":true,"href":"https:\/\/www.kauppavayla.fi\/index.php?rest_route=%2Fwp%2Fv2%2Fcomments&post=5"}],"version-history":[{"count":11,"href":"https:\/\/www.kauppavayla.fi\/index.php?rest_route=\/wp\/v2\/pages\/5\/revisions"}],"predecessor-version":[{"id":81,"href":"https:\/\/www.kauppavayla.fi\/index.php?rest_route=\/wp\/v2\/pages\/5\/revisions\/81"}],"wp:attachment":[{"href":"https:\/\/www.kauppavayla.fi\/index.php?rest_route=%2Fwp%2Fv2%2Fmedia&parent=5"}],"curies":[{"name":"wp","href":"https:\/\/api.w.org\/{rel}","templated":true}]}}